{"id":257,"date":"2020-07-02T19:21:55","date_gmt":"2020-07-02T19:21:55","guid":{"rendered":"https:\/\/herweg.com.br\/?page_id=257"},"modified":"2026-04-08T13:53:44","modified_gmt":"2026-04-08T16:53:44","slug":"fabrica-de-relogios","status":"publish","type":"page","link":"https:\/\/herweg.com.br\/en\/fabrica-de-relogios\/","title":{"rendered":"Company"},"content":{"rendered":"<div data-elementor-type=\"wp-page\" data-elementor-id=\"257\" class=\"elementor elementor-257\" data-elementor-post-type=\"page\">\n\t\t\t\t\t\t<section class=\"elementor-section elementor-top-section elementor-element elementor-element-32a682c elementor-section-boxed elementor-section-height-default elementor-section-height-default\" data-id=\"32a682c\" data-element_type=\"section\" data-e-type=\"section\">\n\t\t\t\t\t\t<div class=\"elementor-container elementor-column-gap-default\">\n\t\t\t\t\t<div class=\"elementor-column elementor-col-100 elementor-top-column elementor-element elementor-element-5d798cb\" data-id=\"5d798cb\" data-element_type=\"column\" data-e-type=\"column\">\n\t\t\t<div class=\"elementor-widget-wrap elementor-element-populated\">\n\t\t\t\t\t\t<div data-dce-text-color=\"#808391\" class=\"elementor-element elementor-element-5ea81e6 elementor-widget elementor-widget-woocommerce-breadcrumb\" data-id=\"5ea81e6\" data-element_type=\"widget\" data-e-type=\"widget\" data-widget_type=\"woocommerce-breadcrumb.default\">\n\t\t\t\t<div class=\"elementor-widget-container\">\n\t\t\t\t\t<nav class=\"woocommerce-breadcrumb\" aria-label=\"Breadcrumb\" data-no-translation=\"\" data-trp-gettext=\"\">Home<\/nav>\t\t\t\t<\/div>\n\t\t\t\t<\/div>\n\t\t\t\t\t<\/div>\n\t\t<\/div>\n\t\t\t\t\t<\/div>\n\t\t<\/section>\n\t\t\t\t<section class=\"elementor-section elementor-top-section elementor-element elementor-element-0277de9 elementor-section-boxed elementor-section-height-default elementor-section-height-default\" data-id=\"0277de9\" data-element_type=\"section\" data-e-type=\"section\">\n\t\t\t\t\t\t<div class=\"elementor-container elementor-column-gap-default\">\n\t\t\t\t\t<div class=\"elementor-column elementor-col-100 elementor-top-column elementor-element elementor-element-de3c182\" data-id=\"de3c182\" data-element_type=\"column\" data-e-type=\"column\">\n\t\t\t<div class=\"elementor-widget-wrap elementor-element-populated\">\n\t\t\t\t\t\t<div data-dce-title-color=\"#25326D\" class=\"elementor-element elementor-element-33d8d20 elementor-widget elementor-widget-heading\" data-id=\"33d8d20\" data-element_type=\"widget\" data-e-type=\"widget\" data-widget_type=\"heading.default\">\n\t\t\t\t<div class=\"elementor-widget-container\">\n\t\t\t\t\t<h1 class=\"elementor-heading-title elementor-size-default\">Company<\/h1>\t\t\t\t<\/div>\n\t\t\t\t<\/div>\n\t\t\t\t<div data-dce-title-color=\"#4A4D5A\" class=\"elementor-element elementor-element-644ffee elementor-widget elementor-widget-heading\" data-id=\"644ffee\" data-element_type=\"widget\" data-e-type=\"widget\" data-widget_type=\"heading.default\">\n\t\t\t\t<div class=\"elementor-widget-container\">\n\t\t\t\t\t<h2 class=\"elementor-heading-title elementor-size-default\">For us, every moment is time to get big histories.<\/h2>\t\t\t\t<\/div>\n\t\t\t\t<\/div>\n\t\t\t\t<div data-dce-title-color=\"#4A4D5A\" class=\"elementor-element elementor-element-2470b60 elementor-widget elementor-widget-heading\" data-id=\"2470b60\" data-element_type=\"widget\" data-e-type=\"widget\" data-widget_type=\"heading.default\">\n\t\t\t\t<div class=\"elementor-widget-container\">\n\t\t\t\t\t<h2 class=\"elementor-heading-title elementor-size-default\">And that's how it all started, around 1500 BC. It was the sundial that guided humanity for many years. As time went by, there was also an evolution and the need to improve the mechanisms to better orient people. <\/h2>\t\t\t\t<\/div>\n\t\t\t\t<\/div>\n\t\t\t\t\t<\/div>\n\t\t<\/div>\n\t\t\t\t\t<\/div>\n\t\t<\/section>\n\t\t\t\t<section class=\"elementor-section elementor-top-section elementor-element elementor-element-bf98d18 elementor-section-boxed elementor-section-height-default elementor-section-height-default\" data-id=\"bf98d18\" data-element_type=\"section\" data-e-type=\"section\">\n\t\t\t\t\t\t<div class=\"elementor-container elementor-column-gap-default\">\n\t\t\t\t\t<div class=\"elementor-column elementor-col-50 elementor-top-column elementor-element elementor-element-3fbdc806\" data-id=\"3fbdc806\" data-element_type=\"column\" data-e-type=\"column\">\n\t\t\t<div class=\"elementor-widget-wrap elementor-element-populated\">\n\t\t\t\t\t\t<div class=\"elementor-element elementor-element-3b664b76 dce_masking-none elementor-widget elementor-widget-image\" data-id=\"3b664b76\" data-element_type=\"widget\" data-e-type=\"widget\" data-widget_type=\"image.default\">\n\t\t\t\t<div class=\"elementor-widget-container\">\n\t\t\t\t\t\t\t\t\t\t\t\t\t\t\t<img fetchpriority=\"high\" decoding=\"async\" width=\"472\" height=\"332\" src=\"https:\/\/herweg.com.br\/wp-content\/uploads\/2020\/07\/herwegg-sobre.png\" class=\"attachment-large size-large wp-image-260\" alt=\"\" srcset=\"https:\/\/herweg.com.br\/wp-content\/uploads\/2020\/07\/herwegg-sobre.png 472w, https:\/\/herweg.com.br\/wp-content\/uploads\/2020\/07\/herwegg-sobre-300x211.png 300w\" sizes=\"(max-width: 472px) 100vw, 472px\" \/>\t\t\t\t\t\t\t\t\t\t\t\t\t\t\t<\/div>\n\t\t\t\t<\/div>\n\t\t\t\t\t<\/div>\n\t\t<\/div>\n\t\t\t\t<div class=\"elementor-column elementor-col-50 elementor-top-column elementor-element elementor-element-613c3ca6\" data-id=\"613c3ca6\" data-element_type=\"column\" data-e-type=\"column\">\n\t\t\t<div class=\"elementor-widget-wrap elementor-element-populated\">\n\t\t\t\t\t\t<div data-dce-title-color=\"#4A4D5A\" class=\"elementor-element elementor-element-41e4a3cd elementor-widget elementor-widget-heading\" data-id=\"41e4a3cd\" data-element_type=\"widget\" data-e-type=\"widget\" data-widget_type=\"heading.default\">\n\t\t\t\t<div class=\"elementor-widget-container\">\n\t\t\t\t\t<h2 class=\"elementor-heading-title elementor-size-default\">With technological advances, opportunities arose. And then in 1952, HERWEG was born, a company concerned with the quality of the products offered and the satisfaction of customers, suppliers and partners, always guided by excellence in results. Over the decades, HERWEG has always tried to keep up with its commitments. <\/h2>\t\t\t\t<\/div>\n\t\t\t\t<\/div>\n\t\t\t\t\t<\/div>\n\t\t<\/div>\n\t\t\t\t\t<\/div>\n\t\t<\/section>\n\t\t\t\t<section data-dce-background-color=\"#0071D7\" class=\"elementor-section elementor-top-section elementor-element elementor-element-54adb1fe elementor-section-boxed elementor-section-height-default elementor-section-height-default\" data-id=\"54adb1fe\" data-element_type=\"section\" data-e-type=\"section\" data-settings=\"{&quot;background_background&quot;:&quot;gradient&quot;,&quot;shape_divider_top&quot;:&quot;curve&quot;,&quot;shape_divider_bottom&quot;:&quot;curve&quot;}\">\n\t\t\t\t\t<div class=\"elementor-shape elementor-shape-top\" aria-hidden=\"true\" data-negative=\"false\">\n\t\t\t<svg xmlns=\"http:\/\/www.w3.org\/2000\/svg\" viewbox=\"0 0 1000 100\" preserveaspectratio=\"none\">\n    <path class=\"elementor-shape-fill\" d=\"M1000,4.3V0H0v4.3C0.9,23.1,126.7,99.2,500,100S1000,22.7,1000,4.3z\"\/>\n<\/svg>\t\t<\/div>\n\t\t\t\t<div class=\"elementor-shape elementor-shape-bottom\" aria-hidden=\"true\" data-negative=\"false\">\n\t\t\t<svg xmlns=\"http:\/\/www.w3.org\/2000\/svg\" viewbox=\"0 0 1000 100\" preserveaspectratio=\"none\">\n    <path class=\"elementor-shape-fill\" d=\"M1000,4.3V0H0v4.3C0.9,23.1,126.7,99.2,500,100S1000,22.7,1000,4.3z\"\/>\n<\/svg>\t\t<\/div>\n\t\t\t\t\t<div class=\"elementor-container elementor-column-gap-default\">\n\t\t\t\t\t<div class=\"elementor-column elementor-col-100 elementor-top-column elementor-element elementor-element-7e6075ee\" data-id=\"7e6075ee\" data-element_type=\"column\" data-e-type=\"column\">\n\t\t\t<div class=\"elementor-widget-wrap elementor-element-populated\">\n\t\t\t\t\t\t<div data-dce-title-color=\"#FFFFFF\" class=\"elementor-element elementor-element-7e7f3493 elementor-widget elementor-widget-heading\" data-id=\"7e7f3493\" data-element_type=\"widget\" data-e-type=\"widget\" data-widget_type=\"heading.default\">\n\t\t\t\t<div class=\"elementor-widget-container\">\n\t\t\t\t\t<h2 class=\"elementor-heading-title elementor-size-default\">We mark not only the time, but also the lives of thousands of people.<\/h2>\t\t\t\t<\/div>\n\t\t\t\t<\/div>\n\t\t\t\t\t<\/div>\n\t\t<\/div>\n\t\t\t\t\t<\/div>\n\t\t<\/section>\n\t\t\t\t<section class=\"elementor-section elementor-top-section elementor-element elementor-element-2329c282 elementor-section-boxed elementor-section-height-default elementor-section-height-default\" data-id=\"2329c282\" data-element_type=\"section\" data-e-type=\"section\">\n\t\t\t\t\t\t<div class=\"elementor-container elementor-column-gap-default\">\n\t\t\t\t\t<div class=\"elementor-column elementor-col-33 elementor-top-column elementor-element elementor-element-1008a6c7\" data-id=\"1008a6c7\" data-element_type=\"column\" data-e-type=\"column\">\n\t\t\t<div class=\"elementor-widget-wrap elementor-element-populated\">\n\t\t\t\t\t\t<div data-dce-text-color=\"#FFFFFF\" class=\"elementor-element elementor-element-73efcf34 elementor-widget elementor-widget-text-editor\" data-id=\"73efcf34\" data-element_type=\"widget\" data-e-type=\"widget\" data-widget_type=\"text-editor.default\">\n\t\t\t\t<div class=\"elementor-widget-container\">\n\t\t\t\t\t\t\t\t\t<p><strong>Inovation<\/strong><br \/>Along with the production process HERWEG creates trends, being a reference to the national scenario.<\/p>\t\t\t\t\t\t\t\t<\/div>\n\t\t\t\t<\/div>\n\t\t\t\t\t<\/div>\n\t\t<\/div>\n\t\t\t\t<div class=\"elementor-column elementor-col-33 elementor-top-column elementor-element elementor-element-354b592b\" data-id=\"354b592b\" data-element_type=\"column\" data-e-type=\"column\">\n\t\t\t<div class=\"elementor-widget-wrap elementor-element-populated\">\n\t\t\t\t\t\t<div class=\"elementor-element elementor-element-7b2d9b4e dce_masking-none elementor-widget elementor-widget-image\" data-id=\"7b2d9b4e\" data-element_type=\"widget\" data-e-type=\"widget\" data-widget_type=\"image.default\">\n\t\t\t\t<div class=\"elementor-widget-container\">\n\t\t\t\t\t\t\t\t\t\t\t\t\t\t\t<img decoding=\"async\" width=\"376\" height=\"376\" src=\"https:\/\/herweg.com.br\/wp-content\/uploads\/2020\/06\/relogio-home.png\" class=\"attachment-large size-large wp-image-90\" alt=\"\" srcset=\"https:\/\/herweg.com.br\/wp-content\/uploads\/2020\/06\/relogio-home.png 376w, https:\/\/herweg.com.br\/wp-content\/uploads\/2020\/06\/relogio-home-300x300.png 300w, https:\/\/herweg.com.br\/wp-content\/uploads\/2020\/06\/relogio-home-100x100.png 100w, https:\/\/herweg.com.br\/wp-content\/uploads\/2020\/06\/relogio-home-150x150.png 150w\" sizes=\"(max-width: 376px) 100vw, 376px\" \/>\t\t\t\t\t\t\t\t\t\t\t\t\t\t\t<\/div>\n\t\t\t\t<\/div>\n\t\t\t\t\t<\/div>\n\t\t<\/div>\n\t\t\t\t<div class=\"elementor-column elementor-col-33 elementor-top-column elementor-element elementor-element-59877a00\" data-id=\"59877a00\" data-element_type=\"column\" data-e-type=\"column\">\n\t\t\t<div class=\"elementor-widget-wrap elementor-element-populated\">\n\t\t\t\t\t\t<div data-dce-text-color=\"#FFFFFF\" class=\"elementor-element elementor-element-4ff5ccdc elementor-widget elementor-widget-text-editor\" data-id=\"4ff5ccdc\" data-element_type=\"widget\" data-e-type=\"widget\" data-widget_type=\"text-editor.default\">\n\t\t\t\t<div class=\"elementor-widget-container\">\n\t\t\t\t\t\t\t\t\t<p><strong>Tradition<\/strong><br \/>Without neglecting modernity and personality, they have always been the main marks of the company.<\/p>\t\t\t\t\t\t\t\t<\/div>\n\t\t\t\t<\/div>\n\t\t\t\t\t<\/div>\n\t\t<\/div>\n\t\t\t\t\t<\/div>\n\t\t<\/section>\n\t\t\t\t<section class=\"elementor-section elementor-top-section elementor-element elementor-element-3164d40d elementor-section-boxed elementor-section-height-default elementor-section-height-default\" data-id=\"3164d40d\" data-element_type=\"section\" data-e-type=\"section\">\n\t\t\t\t\t\t<div class=\"elementor-container elementor-column-gap-default\">\n\t\t\t\t\t<div class=\"elementor-column elementor-col-100 elementor-top-column elementor-element elementor-element-2bfab628\" data-id=\"2bfab628\" data-element_type=\"column\" data-e-type=\"column\">\n\t\t\t<div class=\"elementor-widget-wrap elementor-element-populated\">\n\t\t\t\t\t\t<div data-dce-text-color=\"#4A4D5A\" data-dce-advanced-background-color=\"#E8E9EF\" class=\"elementor-element elementor-element-6875e09b elementor-widget elementor-widget-text-editor\" data-id=\"6875e09b\" data-element_type=\"widget\" data-e-type=\"widget\" data-widget_type=\"text-editor.default\">\n\t\t\t\t<div class=\"elementor-widget-container\">\n\t\t\t\t\t\t\t\t\t<p>Proof of this progress is the inspection standard and the care with the products, where already in the factory undergoes a strict quality control. As a result, the company today collects quality certificates for everything produced, including 9001.<\/p>\t\t\t\t\t\t\t\t<\/div>\n\t\t\t\t<\/div>\n\t\t\t\t<div data-dce-title-color=\"#4A4D5A\" class=\"elementor-element elementor-element-8aeb969 elementor-widget elementor-widget-heading\" data-id=\"8aeb969\" data-element_type=\"widget\" data-e-type=\"widget\" data-widget_type=\"heading.default\">\n\t\t\t\t<div class=\"elementor-widget-container\">\n\t\t\t\t\t<h2 class=\"elementor-heading-title elementor-size-default\">E a\u00ed com o tempo vem o merecido reconhecimento de que trabalha com a HERWEG, o que faz dela umas das marcas mais lembradas no segmento de rel\u00f3gios de parede e de despertadores digitais e anal\u00f3gicos.<\/h2>\t\t\t\t<\/div>\n\t\t\t\t<\/div>\n\t\t\t\t\t<\/div>\n\t\t<\/div>\n\t\t\t\t\t<\/div>\n\t\t<\/section>\n\t\t\t\t<section data-dce-background-image-url=\"https:\/\/herweg.com.br\/wp-content\/uploads\/2020\/07\/empresa-bg.jpg\" class=\"elementor-section elementor-top-section elementor-element elementor-element-10f064b4 elementor-section-height-min-height elementor-section-boxed elementor-section-height-default elementor-section-items-middle\" data-id=\"10f064b4\" data-element_type=\"section\" data-e-type=\"section\" data-settings=\"{&quot;background_background&quot;:&quot;classic&quot;}\">\n\t\t\t\t\t\t<div class=\"elementor-container elementor-column-gap-default\">\n\t\t\t\t\t<div class=\"elementor-column elementor-col-50 elementor-top-column elementor-element elementor-element-6155ed0a\" data-id=\"6155ed0a\" data-element_type=\"column\" data-e-type=\"column\">\n\t\t\t<div class=\"elementor-widget-wrap elementor-element-populated\">\n\t\t\t\t\t\t<div class=\"elementor-element elementor-element-55104cb4 elementor-widget elementor-widget-spacer\" data-id=\"55104cb4\" data-element_type=\"widget\" data-e-type=\"widget\" data-widget_type=\"spacer.default\">\n\t\t\t\t<div class=\"elementor-widget-container\">\n\t\t\t\t\t\t\t<div class=\"elementor-spacer\">\n\t\t\t<div class=\"elementor-spacer-inner\"><\/div>\n\t\t<\/div>\n\t\t\t\t\t\t<\/div>\n\t\t\t\t<\/div>\n\t\t\t\t\t<\/div>\n\t\t<\/div>\n\t\t\t\t<div class=\"elementor-column elementor-col-50 elementor-top-column elementor-element elementor-element-1f8636ea\" data-id=\"1f8636ea\" data-element_type=\"column\" data-e-type=\"column\">\n\t\t\t<div class=\"elementor-widget-wrap elementor-element-populated\">\n\t\t\t\t\t\t<div data-dce-text-color=\"#4A4D5A\" class=\"elementor-element elementor-element-4b02a5 elementor-widget elementor-widget-text-editor\" data-id=\"4b02a5\" data-element_type=\"widget\" data-e-type=\"widget\" data-widget_type=\"text-editor.default\">\n\t\t\t\t<div class=\"elementor-widget-container\">\n\t\t\t\t\t\t\t\t\t<p>As time goes on everything changes. Including HERWEG, which has a team that does not last a single minute and is prepared to use it in your favor. That is why every second always puts it ahead in search of better quality of life for many people.<\/p><p>If in the history of mankind the clock has always been the main reference of time, the one with time wants to be the reference of people, after all, everything has its time.<\/p>\t\t\t\t\t\t\t\t<\/div>\n\t\t\t\t<\/div>\n\t\t\t\t\t<\/div>\n\t\t<\/div>\n\t\t\t\t\t<\/div>\n\t\t<\/section>\n\t\t\t\t<section class=\"elementor-section elementor-top-section elementor-element elementor-element-16d302b2 elementor-section-height-min-height elementor-section-boxed elementor-section-height-default elementor-section-items-middle\" data-id=\"16d302b2\" data-element_type=\"section\" data-e-type=\"section\" data-settings=\"{&quot;background_background&quot;:&quot;classic&quot;}\">\n\t\t\t\t\t\t<div class=\"elementor-container elementor-column-gap-default\">\n\t\t\t\t\t<div class=\"elementor-column elementor-col-100 elementor-top-column elementor-element elementor-element-5b0c642b\" data-id=\"5b0c642b\" data-element_type=\"column\" data-e-type=\"column\">\n\t\t\t<div class=\"elementor-widget-wrap elementor-element-populated\">\n\t\t\t\t\t\t<div data-dce-text-color=\"#4A4D5A\" class=\"elementor-element elementor-element-716257ef elementor-widget__width-initial elementor-widget elementor-widget-text-editor\" data-id=\"716257ef\" data-element_type=\"widget\" data-e-type=\"widget\" data-widget_type=\"text-editor.default\">\n\t\t\t\t<div class=\"elementor-widget-container\">\n\t\t\t\t\t\t\t\t\t<h2 style=\"font-family: var( --e-global-typography-primary-font-family ), Sans-serif; font-weight: var( --e-global-typography-primary-font-weight ); line-height: 1.6em; color: #4a4d5a; font-size: 19px; text-align: center;\" data-elementor-setting-key=\"title\" data-pen-placeholder=\"Digite aqui...\">Relat\u00f3rio de Transpar\u00eancia e Igualdade Salarial de Mulheres e Homens<\/h2><p>O Relat\u00f3rio de Transpar\u00eancia Salarial que est\u00e1 sendo publicado na data de hoje, 08\/04\/2026, foi elaborado pelo Minist\u00e9rio do Trabalho e Emprego (MTE), por CNPJ e com base nas informa\u00e7\u00f5es fornecidas pela Ind\u00fastria de Rel\u00f3gios Herweg S.A. por meio do e-Social Rais de dezembro de 2025 e da Declara\u00e7\u00e3o de Igualdade Salarial preenchida no Portal Emprega Brasil, nos termos da Lei n\u00ba14.611\/2023 e do Decreto n\u00ba11.795\/2023.<\/p><p>Clique\u00a0<a href=\"https:\/\/drive.google.com\/file\/d\/1VbSBLOOxKcoAhbiIQhZZoWzRCXw1yzwW\/view?usp=drive_link\" target=\"_blank\" rel=\"noopener\">aqui<\/a>\u00a0e confira o relat\u00f3rio na \u00edntegra.<\/p><p>Relat\u00f3rios anteriores podem ser conferidos abaixo:<\/p><p><a style=\"background-color: #ffffff;\" href=\"https:\/\/drive.google.com\/file\/d\/1NSYHrHZBBhKae43eJMi3utbZYYFCRQVl\/view?usp=sharing\" target=\"_blank\" rel=\"noopener\">2024\/1<\/a><\/p><p><a style=\"background-color: #ffffff;\" href=\"https:\/\/drive.google.com\/file\/d\/18zDqgfc3xz0x4EHHNmFiuXwhdPcD-ul2\/view?usp=sharing\" target=\"_blank\" rel=\"noopener\">2024\/2<\/a><\/p><p><a style=\"background-color: #ffffff;\" href=\"https:\/\/drive.google.com\/file\/d\/1PmndImjq1tybvUGbjUyG58Hm0SRzFpEE\/view?usp=drive_link\" target=\"_blank\" rel=\"noopener\">2025\/2<\/a><\/p>\t\t\t\t\t\t\t\t<\/div>\n\t\t\t\t<\/div>\n\t\t\t\t\t<\/div>\n\t\t<\/div>\n\t\t\t\t\t<\/div>\n\t\t<\/section>\n\t\t\t\t<section class=\"elementor-section elementor-top-section elementor-element elementor-element-7879057 elementor-section-boxed elementor-section-height-default elementor-section-height-default\" data-id=\"7879057\" data-element_type=\"section\" data-e-type=\"section\">\n\t\t\t\t\t\t<div class=\"elementor-container elementor-column-gap-default\">\n\t\t\t\t\t<div class=\"elementor-column elementor-col-100 elementor-top-column elementor-element elementor-element-76d2295c\" data-id=\"76d2295c\" data-element_type=\"column\" data-e-type=\"column\">\n\t\t\t<div class=\"elementor-widget-wrap elementor-element-populated\">\n\t\t\t\t\t\t<div data-dce-text-color=\"#A2A9C5\" class=\"elementor-element elementor-element-31e91fe8 elementor-icon-list--layout-inline elementor-align-center elementor-list-item-link-full_width elementor-widget elementor-widget-icon-list\" data-id=\"31e91fe8\" data-element_type=\"widget\" data-e-type=\"widget\" data-widget_type=\"icon-list.default\">\n\t\t\t\t<div class=\"elementor-widget-container\">\n\t\t\t\t\t\t\t<ul class=\"elementor-icon-list-items elementor-inline-items\">\n\t\t\t\t\t\t\t<li class=\"elementor-icon-list-item elementor-inline-item\">\n\t\t\t\t\t\t\t\t\t\t\t<a href=\"https:\/\/herweg.com.br\/en\">\n\n\t\t\t\t\t\t\t\t\t\t\t\t<span class=\"elementor-icon-list-icon\">\n\t\t\t\t\t\t\t<i aria-hidden=\"true\" class=\"fas fa-arrow-circle-left\"><\/i>\t\t\t\t\t\t<\/span>\n\t\t\t\t\t\t\t\t\t\t<span class=\"elementor-icon-list-text\">Back<\/span>\n\t\t\t\t\t\t\t\t\t\t\t<\/a>\n\t\t\t\t\t\t\t\t\t<\/li>\n\t\t\t\t\t\t<\/ul>\n\t\t\t\t\t\t<\/div>\n\t\t\t\t<\/div>\n\t\t\t\t\t<\/div>\n\t\t<\/div>\n\t\t\t\t\t<\/div>\n\t\t<\/section>\n\t\t\t\t<section class=\"elementor-section elementor-top-section elementor-element elementor-element-42861b73 elementor-section-boxed elementor-section-height-default elementor-section-height-default\" data-id=\"42861b73\" data-element_type=\"section\" data-e-type=\"section\">\n\t\t\t\t\t\t<div class=\"elementor-container elementor-column-gap-default\">\n\t\t\t\t\t<div class=\"elementor-column elementor-col-100 elementor-top-column elementor-element elementor-element-67f6dc85\" data-id=\"67f6dc85\" data-element_type=\"column\" data-e-type=\"column\">\n\t\t\t<div class=\"elementor-widget-wrap\">\n\t\t\t\t\t\t\t<\/div>\n\t\t<\/div>\n\t\t\t\t\t<\/div>\n\t\t<\/section>\n\t\t\t\t<\/div>","protected":false},"excerpt":{"rendered":"<p>Empresa Para a gente, cada momento \u00e9 tempo de contar grandes hist\u00f3rias. E foi assim que tudo come\u00e7ou, por volta de 1.500 AC. Foi o rel\u00f3gio solar que guiou a humanidade durante longos anos. Com o passar do tempo, corria tamb\u00e9m a evolu\u00e7\u00e3o das civiliza\u00e7\u00f5es e a necessidade de aprimorar os mecanismos para melhor orientar [&hellip;]<\/p>\n","protected":false},"author":1,"featured_media":0,"parent":0,"menu_order":0,"comment_status":"closed","ping_status":"closed","template":"","meta":{"_acf_changed":false,"footnotes":""},"class_list":["post-257","page","type-page","status-publish","hentry"],"acf":[],"_links":{"self":[{"href":"https:\/\/herweg.com.br\/en\/wp-json\/wp\/v2\/pages\/257","targetHints":{"allow":["GET"]}}],"collection":[{"href":"https:\/\/herweg.com.br\/en\/wp-json\/wp\/v2\/pages"}],"about":[{"href":"https:\/\/herweg.com.br\/en\/wp-json\/wp\/v2\/types\/page"}],"author":[{"embeddable":true,"href":"https:\/\/herweg.com.br\/en\/wp-json\/wp\/v2\/users\/1"}],"replies":[{"embeddable":true,"href":"https:\/\/herweg.com.br\/en\/wp-json\/wp\/v2\/comments?post=257"}],"version-history":[{"count":27,"href":"https:\/\/herweg.com.br\/en\/wp-json\/wp\/v2\/pages\/257\/revisions"}],"predecessor-version":[{"id":5724,"href":"https:\/\/herweg.com.br\/en\/wp-json\/wp\/v2\/pages\/257\/revisions\/5724"}],"wp:attachment":[{"href":"https:\/\/herweg.com.br\/en\/wp-json\/wp\/v2\/media?parent=257"}],"curies":[{"name":"wp","href":"https:\/\/api.w.org\/{rel}","templated":true}]}}