{"id":1322,"date":"2020-07-15T10:14:52","date_gmt":"2020-07-15T13:14:52","guid":{"rendered":"https:\/\/herweg.com.br\/?post_type=product&#038;p=1322"},"modified":"2025-10-07T10:27:21","modified_gmt":"2025-10-07T13:27:21","slug":"relogio-de-parede-silencioso-com-iluminacao-noturna-6809","status":"publish","type":"product","link":"https:\/\/herweg.com.br\/en\/product\/relogio-de-parede-silencioso-com-iluminacao-noturna-6809\/","title":{"rendered":"Silent Wall Clock with Night Lighting"},"content":{"rendered":"","protected":false},"excerpt":{"rendered":"<ul>\n<li>Base: Pl\u00e1stico pintado\/injetado<\/li>\n<li>34,6 D x 5E cm<\/li>\n<li>Com visor mineral<\/li>\n<li>Ilumina\u00e7\u00e3o noturna somente no centro do rel\u00f3gio por sensor.<\/li>\n<\/ul>","protected":false},"featured_media":2172,"comment_status":"closed","ping_status":"closed","template":"","meta":{"_acf_changed":false},"product_brand":[],"product_cat":[46],"product_tag":[454],"caracteristica_tecnica":[63,70,135,141,116],"class_list":{"0":"post-1322","1":"product","2":"type-product","3":"status-publish","4":"has-post-thumbnail","6":"product_cat-relogio-de-parede","7":"product_tag-454","8":"caracteristica_tecnica-disponivel-na-linha-promocional","9":"caracteristica_tecnica-iluminacao-noturna","10":"caracteristica_tecnica-mecanismo-step","11":"caracteristica_tecnica-produto-nacional","12":"caracteristica_tecnica-usa-pilha-aa","14":"first","15":"instock","16":"shipping-taxable","17":"product-type-simple"},"acf":[],"_links":{"self":[{"href":"https:\/\/herweg.com.br\/en\/wp-json\/wp\/v2\/product\/1322","targetHints":{"allow":["GET"]}}],"collection":[{"href":"https:\/\/herweg.com.br\/en\/wp-json\/wp\/v2\/product"}],"about":[{"href":"https:\/\/herweg.com.br\/en\/wp-json\/wp\/v2\/types\/product"}],"replies":[{"embeddable":true,"href":"https:\/\/herweg.com.br\/en\/wp-json\/wp\/v2\/comments?post=1322"}],"wp:featuredmedia":[{"embeddable":true,"href":"https:\/\/herweg.com.br\/en\/wp-json\/wp\/v2\/media\/2172"}],"wp:attachment":[{"href":"https:\/\/herweg.com.br\/en\/wp-json\/wp\/v2\/media?parent=1322"}],"wp:term":[{"taxonomy":"product_brand","embeddable":true,"href":"https:\/\/herweg.com.br\/en\/wp-json\/wp\/v2\/product_brand?post=1322"},{"taxonomy":"product_cat","embeddable":true,"href":"https:\/\/herweg.com.br\/en\/wp-json\/wp\/v2\/product_cat?post=1322"},{"taxonomy":"product_tag","embeddable":true,"href":"https:\/\/herweg.com.br\/en\/wp-json\/wp\/v2\/product_tag?post=1322"},{"taxonomy":"caracteristica_tecnica","embeddable":true,"href":"https:\/\/herweg.com.br\/en\/wp-json\/wp\/v2\/caracteristica_tecnica?post=1322"}],"curies":[{"name":"wp","href":"https:\/\/api.w.org\/{rel}","templated":true}]}}