{"id":1330,"date":"2020-07-15T10:36:12","date_gmt":"2020-07-15T13:36:12","guid":{"rendered":"https:\/\/herweg.com.br\/?post_type=product&#038;p=1330"},"modified":"2025-10-07T10:40:43","modified_gmt":"2025-10-07T13:40:43","slug":"relogio-de-parede-silencioso-com-iluminacao-noturna-6817","status":"publish","type":"product","link":"https:\/\/herweg.com.br\/en\/product\/relogio-de-parede-silencioso-com-iluminacao-noturna-6817\/","title":{"rendered":"Silent Wall Clock with Night Lighting"},"content":{"rendered":"","protected":false},"excerpt":{"rendered":"<ul>\n<li>Base: Pl\u00e1stico pintado<\/li>\n<li>34,6 D x 5E cm<\/li>\n<li>Ilumina\u00e7\u00e3o noturna desse rel\u00f3gio \u00e9 atrav\u00e9s de massa luminosa nas marca\u00e7\u00f5es das horas e no centro do rel\u00f3gio por sensor.<\/li>\n<li>Com visor mineral<\/li>\n<\/ul>","protected":false},"featured_media":1920,"comment_status":"closed","ping_status":"closed","template":"","meta":{"_acf_changed":false},"product_brand":[],"product_cat":[46],"product_tag":[466],"caracteristica_tecnica":[63,70,65,141,116],"class_list":{"0":"post-1330","1":"product","2":"type-product","3":"status-publish","4":"has-post-thumbnail","6":"product_cat-relogio-de-parede","7":"product_tag-466","8":"caracteristica_tecnica-disponivel-na-linha-promocional","9":"caracteristica_tecnica-iluminacao-noturna","10":"caracteristica_tecnica-mecanismo-sweep","11":"caracteristica_tecnica-produto-nacional","12":"caracteristica_tecnica-usa-pilha-aa","14":"first","15":"instock","16":"shipping-taxable","17":"product-type-simple"},"acf":[],"_links":{"self":[{"href":"https:\/\/herweg.com.br\/en\/wp-json\/wp\/v2\/product\/1330","targetHints":{"allow":["GET"]}}],"collection":[{"href":"https:\/\/herweg.com.br\/en\/wp-json\/wp\/v2\/product"}],"about":[{"href":"https:\/\/herweg.com.br\/en\/wp-json\/wp\/v2\/types\/product"}],"replies":[{"embeddable":true,"href":"https:\/\/herweg.com.br\/en\/wp-json\/wp\/v2\/comments?post=1330"}],"wp:featuredmedia":[{"embeddable":true,"href":"https:\/\/herweg.com.br\/en\/wp-json\/wp\/v2\/media\/1920"}],"wp:attachment":[{"href":"https:\/\/herweg.com.br\/en\/wp-json\/wp\/v2\/media?parent=1330"}],"wp:term":[{"taxonomy":"product_brand","embeddable":true,"href":"https:\/\/herweg.com.br\/en\/wp-json\/wp\/v2\/product_brand?post=1330"},{"taxonomy":"product_cat","embeddable":true,"href":"https:\/\/herweg.com.br\/en\/wp-json\/wp\/v2\/product_cat?post=1330"},{"taxonomy":"product_tag","embeddable":true,"href":"https:\/\/herweg.com.br\/en\/wp-json\/wp\/v2\/product_tag?post=1330"},{"taxonomy":"caracteristica_tecnica","embeddable":true,"href":"https:\/\/herweg.com.br\/en\/wp-json\/wp\/v2\/caracteristica_tecnica?post=1330"}],"curies":[{"name":"wp","href":"https:\/\/api.w.org\/{rel}","templated":true}]}}