{"id":3916,"date":"2024-02-20T17:44:56","date_gmt":"2024-02-20T20:44:56","guid":{"rendered":"https:\/\/herweg.com.br\/?post_type=product&#038;p=3916"},"modified":"2025-08-28T09:11:36","modified_gmt":"2025-08-28T12:11:36","slug":"despertador-digital","status":"publish","type":"product","link":"https:\/\/herweg.com.br\/en\/product\/despertador-digital\/","title":{"rendered":"Digital Alarm Clock"},"content":{"rendered":"","protected":false},"excerpt":{"rendered":"<ul>\n<li>Base: Pl\u00e1stico injetado<\/li>\n<li>9A x 12,3L x 5,7E cm<\/li>\n<li>A cor da ilumina\u00e7\u00e3o \u00e9 azul.<\/li>\n<\/ul>\n<p>&nbsp;<\/p>","protected":false},"featured_media":3920,"comment_status":"open","ping_status":"closed","template":"","meta":{"_acf_changed":false},"product_brand":[],"product_cat":[47],"product_tag":[244],"caracteristica_tecnica":[66,151,70,76,137,67,99,110],"class_list":{"0":"post-3916","1":"product","2":"type-product","3":"status-publish","4":"has-post-thumbnail","6":"product_cat-despertador-quartz","7":"product_tag-244","8":"caracteristica_tecnica-alarme-sonoro","9":"caracteristica_tecnica-display-com-hora-minuto","10":"caracteristica_tecnica-iluminacao-noturna","11":"caracteristica_tecnica-lampada-led","12":"caracteristica_tecnica-relogio-am-pm","13":"caracteristica_tecnica-snooze-soneca","14":"caracteristica_tecnica-usa-pilha-palito-aaa","15":"caracteristica_tecnica-visualizacao-em-12h-ou-24h","17":"first","18":"instock","19":"shipping-taxable","20":"product-type-simple"},"acf":[],"_links":{"self":[{"href":"https:\/\/herweg.com.br\/en\/wp-json\/wp\/v2\/product\/3916","targetHints":{"allow":["GET"]}}],"collection":[{"href":"https:\/\/herweg.com.br\/en\/wp-json\/wp\/v2\/product"}],"about":[{"href":"https:\/\/herweg.com.br\/en\/wp-json\/wp\/v2\/types\/product"}],"replies":[{"embeddable":true,"href":"https:\/\/herweg.com.br\/en\/wp-json\/wp\/v2\/comments?post=3916"}],"wp:featuredmedia":[{"embeddable":true,"href":"https:\/\/herweg.com.br\/en\/wp-json\/wp\/v2\/media\/3920"}],"wp:attachment":[{"href":"https:\/\/herweg.com.br\/en\/wp-json\/wp\/v2\/media?parent=3916"}],"wp:term":[{"taxonomy":"product_brand","embeddable":true,"href":"https:\/\/herweg.com.br\/en\/wp-json\/wp\/v2\/product_brand?post=3916"},{"taxonomy":"product_cat","embeddable":true,"href":"https:\/\/herweg.com.br\/en\/wp-json\/wp\/v2\/product_cat?post=3916"},{"taxonomy":"product_tag","embeddable":true,"href":"https:\/\/herweg.com.br\/en\/wp-json\/wp\/v2\/product_tag?post=3916"},{"taxonomy":"caracteristica_tecnica","embeddable":true,"href":"https:\/\/herweg.com.br\/en\/wp-json\/wp\/v2\/caracteristica_tecnica?post=3916"}],"curies":[{"name":"wp","href":"https:\/\/api.w.org\/{rel}","templated":true}]}}