{"id":3921,"date":"2024-02-21T10:46:02","date_gmt":"2024-02-21T13:46:02","guid":{"rendered":"https:\/\/herweg.com.br\/?post_type=product&#038;p=3921"},"modified":"2025-08-28T09:12:08","modified_gmt":"2025-08-28T12:12:08","slug":"despertador-digital-2","status":"publish","type":"product","link":"https:\/\/herweg.com.br\/en\/product\/despertador-digital-2\/","title":{"rendered":"Digital Alarm Clock"},"content":{"rendered":"","protected":false},"excerpt":{"rendered":"<ul>\n<li>Base: Pl\u00e1stico pintado<\/li>\n<li>8,5A x 11L x 3,5E cm<\/li>\n<li>A cor da ilumina\u00e7\u00e3o \u00e9 azul.<\/li>\n<\/ul>","protected":false},"featured_media":3923,"comment_status":"open","ping_status":"closed","template":"","meta":{"_acf_changed":false},"product_brand":[],"product_cat":[55],"product_tag":[246],"caracteristica_tecnica":[66,90,151,70,76,137,67,131,99],"class_list":{"0":"post-3921","1":"product","2":"type-product","3":"status-publish","4":"has-post-thumbnail","6":"product_cat-despertador-digital","7":"product_tag-246","8":"caracteristica_tecnica-alarme-sonoro","9":"caracteristica_tecnica-calendario-em-ingles","10":"caracteristica_tecnica-display-com-hora-minuto","11":"caracteristica_tecnica-iluminacao-noturna","12":"caracteristica_tecnica-lampada-led","13":"caracteristica_tecnica-relogio-am-pm","14":"caracteristica_tecnica-snooze-soneca","15":"caracteristica_tecnica-termometro-com-duas-escalas","16":"caracteristica_tecnica-usa-pilha-palito-aaa","18":"first","19":"instock","20":"shipping-taxable","21":"product-type-simple"},"acf":[],"_links":{"self":[{"href":"https:\/\/herweg.com.br\/en\/wp-json\/wp\/v2\/product\/3921","targetHints":{"allow":["GET"]}}],"collection":[{"href":"https:\/\/herweg.com.br\/en\/wp-json\/wp\/v2\/product"}],"about":[{"href":"https:\/\/herweg.com.br\/en\/wp-json\/wp\/v2\/types\/product"}],"replies":[{"embeddable":true,"href":"https:\/\/herweg.com.br\/en\/wp-json\/wp\/v2\/comments?post=3921"}],"wp:featuredmedia":[{"embeddable":true,"href":"https:\/\/herweg.com.br\/en\/wp-json\/wp\/v2\/media\/3923"}],"wp:attachment":[{"href":"https:\/\/herweg.com.br\/en\/wp-json\/wp\/v2\/media?parent=3921"}],"wp:term":[{"taxonomy":"product_brand","embeddable":true,"href":"https:\/\/herweg.com.br\/en\/wp-json\/wp\/v2\/product_brand?post=3921"},{"taxonomy":"product_cat","embeddable":true,"href":"https:\/\/herweg.com.br\/en\/wp-json\/wp\/v2\/product_cat?post=3921"},{"taxonomy":"product_tag","embeddable":true,"href":"https:\/\/herweg.com.br\/en\/wp-json\/wp\/v2\/product_tag?post=3921"},{"taxonomy":"caracteristica_tecnica","embeddable":true,"href":"https:\/\/herweg.com.br\/en\/wp-json\/wp\/v2\/caracteristica_tecnica?post=3921"}],"curies":[{"name":"wp","href":"https:\/\/api.w.org\/{rel}","templated":true}]}}