{"id":4758,"date":"2025-03-06T08:12:03","date_gmt":"2025-03-06T11:12:03","guid":{"rendered":"https:\/\/herweg.com.br\/?post_type=product&#038;p=4758"},"modified":"2025-03-06T08:15:39","modified_gmt":"2025-03-06T11:15:39","slug":"despertador-digital-6","status":"publish","type":"product","link":"https:\/\/herweg.com.br\/en\/product\/despertador-digital-6\/","title":{"rendered":"Digital Alarm Clock"},"content":{"rendered":"","protected":false},"excerpt":{"rendered":"<ul>\n<li>Base: Pl\u00e1stico Injetado<\/li>\n<li>5A x 10Lx8E cm<\/li>\n<li>\u00a0A cor da ilumina\u00e7\u00e3o \u00e9 azul<\/li>\n<\/ul>","protected":false},"featured_media":0,"comment_status":"open","ping_status":"closed","template":"","meta":{"_acf_changed":false},"product_brand":[],"product_cat":[55],"product_tag":[301],"caracteristica_tecnica":[66,151,70,76,67,116],"class_list":{"0":"post-4758","1":"product","2":"type-product","3":"status-publish","5":"product_cat-despertador-digital","6":"product_tag-301","7":"caracteristica_tecnica-alarme-sonoro","8":"caracteristica_tecnica-display-com-hora-minuto","9":"caracteristica_tecnica-iluminacao-noturna","10":"caracteristica_tecnica-lampada-led","11":"caracteristica_tecnica-snooze-soneca","12":"caracteristica_tecnica-usa-pilha-aa","14":"first","15":"instock","16":"shipping-taxable","17":"product-type-simple"},"acf":[],"_links":{"self":[{"href":"https:\/\/herweg.com.br\/en\/wp-json\/wp\/v2\/product\/4758","targetHints":{"allow":["GET"]}}],"collection":[{"href":"https:\/\/herweg.com.br\/en\/wp-json\/wp\/v2\/product"}],"about":[{"href":"https:\/\/herweg.com.br\/en\/wp-json\/wp\/v2\/types\/product"}],"replies":[{"embeddable":true,"href":"https:\/\/herweg.com.br\/en\/wp-json\/wp\/v2\/comments?post=4758"}],"wp:attachment":[{"href":"https:\/\/herweg.com.br\/en\/wp-json\/wp\/v2\/media?parent=4758"}],"wp:term":[{"taxonomy":"product_brand","embeddable":true,"href":"https:\/\/herweg.com.br\/en\/wp-json\/wp\/v2\/product_brand?post=4758"},{"taxonomy":"product_cat","embeddable":true,"href":"https:\/\/herweg.com.br\/en\/wp-json\/wp\/v2\/product_cat?post=4758"},{"taxonomy":"product_tag","embeddable":true,"href":"https:\/\/herweg.com.br\/en\/wp-json\/wp\/v2\/product_tag?post=4758"},{"taxonomy":"caracteristica_tecnica","embeddable":true,"href":"https:\/\/herweg.com.br\/en\/wp-json\/wp\/v2\/caracteristica_tecnica?post=4758"}],"curies":[{"name":"wp","href":"https:\/\/api.w.org\/{rel}","templated":true}]}}