{"id":4844,"date":"2025-03-11T08:48:58","date_gmt":"2025-03-11T11:48:58","guid":{"rendered":"https:\/\/herweg.com.br\/?post_type=product&#038;p=4844"},"modified":"2025-10-09T11:19:39","modified_gmt":"2025-10-09T14:19:39","slug":"despertador-digital-7","status":"publish","type":"product","link":"https:\/\/herweg.com.br\/en\/product\/despertador-digital-7\/","title":{"rendered":"Digital Alarm Clock"},"content":{"rendered":"","protected":false},"excerpt":{"rendered":"<ul>\n<li>Base: Pl\u00e1stico pintado<\/li>\n<li>5A x 10L x 8E cm<\/li>\n<li>A cor da ilumina\u00e7\u00e3o \u00e9 azul.<\/li>\n<\/ul>","protected":false},"featured_media":4847,"comment_status":"open","ping_status":"closed","template":"","meta":{"_acf_changed":false},"product_brand":[],"product_cat":[55],"product_tag":[330],"caracteristica_tecnica":[66,151,70,76,137,67,116,566],"class_list":{"0":"post-4844","1":"product","2":"type-product","3":"status-publish","4":"has-post-thumbnail","6":"product_cat-despertador-digital","7":"product_tag-330","8":"caracteristica_tecnica-alarme-sonoro","9":"caracteristica_tecnica-display-com-hora-minuto","10":"caracteristica_tecnica-iluminacao-noturna","11":"caracteristica_tecnica-lampada-led","12":"caracteristica_tecnica-relogio-am-pm","13":"caracteristica_tecnica-snooze-soneca","14":"caracteristica_tecnica-usa-pilha-aa","15":"caracteristica_tecnica-visualizacao-em-12h","17":"first","18":"instock","19":"shipping-taxable","20":"product-type-simple"},"acf":[],"_links":{"self":[{"href":"https:\/\/herweg.com.br\/en\/wp-json\/wp\/v2\/product\/4844","targetHints":{"allow":["GET"]}}],"collection":[{"href":"https:\/\/herweg.com.br\/en\/wp-json\/wp\/v2\/product"}],"about":[{"href":"https:\/\/herweg.com.br\/en\/wp-json\/wp\/v2\/types\/product"}],"replies":[{"embeddable":true,"href":"https:\/\/herweg.com.br\/en\/wp-json\/wp\/v2\/comments?post=4844"}],"wp:featuredmedia":[{"embeddable":true,"href":"https:\/\/herweg.com.br\/en\/wp-json\/wp\/v2\/media\/4847"}],"wp:attachment":[{"href":"https:\/\/herweg.com.br\/en\/wp-json\/wp\/v2\/media?parent=4844"}],"wp:term":[{"taxonomy":"product_brand","embeddable":true,"href":"https:\/\/herweg.com.br\/en\/wp-json\/wp\/v2\/product_brand?post=4844"},{"taxonomy":"product_cat","embeddable":true,"href":"https:\/\/herweg.com.br\/en\/wp-json\/wp\/v2\/product_cat?post=4844"},{"taxonomy":"product_tag","embeddable":true,"href":"https:\/\/herweg.com.br\/en\/wp-json\/wp\/v2\/product_tag?post=4844"},{"taxonomy":"caracteristica_tecnica","embeddable":true,"href":"https:\/\/herweg.com.br\/en\/wp-json\/wp\/v2\/caracteristica_tecnica?post=4844"}],"curies":[{"name":"wp","href":"https:\/\/api.w.org\/{rel}","templated":true}]}}