{"id":4890,"date":"2025-03-24T11:27:22","date_gmt":"2025-03-24T14:27:22","guid":{"rendered":"https:\/\/herweg.com.br\/?post_type=product&#038;p=4890"},"modified":"2025-08-25T17:16:38","modified_gmt":"2025-08-25T20:16:38","slug":"relogio-de-parede-38","status":"publish","type":"product","link":"https:\/\/herweg.com.br\/en\/product\/relogio-de-parede-38\/","title":{"rendered":"Wall Clock"},"content":{"rendered":"","protected":false},"excerpt":{"rendered":"<ul>\n<li>Base: Pl\u00e1stico injetado<\/li>\n<li>26D x 5E cm<\/li>\n<li>Produto possui indica\u00e7\u00e3o de hora anal\u00f3gica e digital.<\/li>\n<\/ul>","protected":false},"featured_media":5353,"comment_status":"open","ping_status":"closed","template":"","meta":{"_acf_changed":false},"product_brand":[],"product_cat":[46],"product_tag":[343],"caracteristica_tecnica":[90,65,129,116],"class_list":{"0":"post-4890","1":"product","2":"type-product","3":"status-publish","4":"has-post-thumbnail","6":"product_cat-relogio-de-parede","7":"product_tag-343","8":"caracteristica_tecnica-calendario-em-ingles","9":"caracteristica_tecnica-mecanismo-sweep","10":"caracteristica_tecnica-termometro","11":"caracteristica_tecnica-usa-pilha-aa","13":"first","14":"instock","15":"shipping-taxable","16":"product-type-simple"},"acf":[],"_links":{"self":[{"href":"https:\/\/herweg.com.br\/en\/wp-json\/wp\/v2\/product\/4890","targetHints":{"allow":["GET"]}}],"collection":[{"href":"https:\/\/herweg.com.br\/en\/wp-json\/wp\/v2\/product"}],"about":[{"href":"https:\/\/herweg.com.br\/en\/wp-json\/wp\/v2\/types\/product"}],"replies":[{"embeddable":true,"href":"https:\/\/herweg.com.br\/en\/wp-json\/wp\/v2\/comments?post=4890"}],"wp:featuredmedia":[{"embeddable":true,"href":"https:\/\/herweg.com.br\/en\/wp-json\/wp\/v2\/media\/5353"}],"wp:attachment":[{"href":"https:\/\/herweg.com.br\/en\/wp-json\/wp\/v2\/media?parent=4890"}],"wp:term":[{"taxonomy":"product_brand","embeddable":true,"href":"https:\/\/herweg.com.br\/en\/wp-json\/wp\/v2\/product_brand?post=4890"},{"taxonomy":"product_cat","embeddable":true,"href":"https:\/\/herweg.com.br\/en\/wp-json\/wp\/v2\/product_cat?post=4890"},{"taxonomy":"product_tag","embeddable":true,"href":"https:\/\/herweg.com.br\/en\/wp-json\/wp\/v2\/product_tag?post=4890"},{"taxonomy":"caracteristica_tecnica","embeddable":true,"href":"https:\/\/herweg.com.br\/en\/wp-json\/wp\/v2\/caracteristica_tecnica?post=4890"}],"curies":[{"name":"wp","href":"https:\/\/api.w.org\/{rel}","templated":true}]}}