{"id":982,"date":"2020-07-14T09:15:08","date_gmt":"2020-07-14T12:15:08","guid":{"rendered":"https:\/\/herweg.com.br\/?post_type=product&#038;p=982"},"modified":"2025-10-09T11:21:41","modified_gmt":"2025-10-09T14:21:41","slug":"despertador-digital-touch-2972","status":"publish","type":"product","link":"https:\/\/herweg.com.br\/en\/product\/despertador-digital-touch-2972\/","title":{"rendered":"Digital Touch Alarm Clock"},"content":{"rendered":"","protected":false},"excerpt":{"rendered":"<ul>\n<li>Base: Pl\u00e1stico injetado\/pintado<\/li>\n<li>8,8A x 15,2L x 4,5E cm<\/li>\n<li>Possui sensor de toque no bot\u00e3o da luz.<\/li>\n<li>A cor da ilumina\u00e7\u00e3o \u00e9 azul.<\/li>\n<\/ul>","protected":false},"featured_media":1209,"comment_status":"closed","ping_status":"closed","template":"","meta":{"_acf_changed":false},"product_brand":[],"product_cat":[55],"product_tag":[331],"caracteristica_tecnica":[66,90,151,70,76,137,67,131,99,110],"class_list":{"0":"post-982","1":"product","2":"type-product","3":"status-publish","4":"has-post-thumbnail","6":"product_cat-despertador-digital","7":"product_tag-331","8":"caracteristica_tecnica-alarme-sonoro","9":"caracteristica_tecnica-calendario-em-ingles","10":"caracteristica_tecnica-display-com-hora-minuto","11":"caracteristica_tecnica-iluminacao-noturna","12":"caracteristica_tecnica-lampada-led","13":"caracteristica_tecnica-relogio-am-pm","14":"caracteristica_tecnica-snooze-soneca","15":"caracteristica_tecnica-termometro-com-duas-escalas","16":"caracteristica_tecnica-usa-pilha-palito-aaa","17":"caracteristica_tecnica-visualizacao-em-12h-ou-24h","19":"first","20":"instock","21":"shipping-taxable","22":"product-type-simple"},"acf":[],"_links":{"self":[{"href":"https:\/\/herweg.com.br\/en\/wp-json\/wp\/v2\/product\/982","targetHints":{"allow":["GET"]}}],"collection":[{"href":"https:\/\/herweg.com.br\/en\/wp-json\/wp\/v2\/product"}],"about":[{"href":"https:\/\/herweg.com.br\/en\/wp-json\/wp\/v2\/types\/product"}],"replies":[{"embeddable":true,"href":"https:\/\/herweg.com.br\/en\/wp-json\/wp\/v2\/comments?post=982"}],"wp:featuredmedia":[{"embeddable":true,"href":"https:\/\/herweg.com.br\/en\/wp-json\/wp\/v2\/media\/1209"}],"wp:attachment":[{"href":"https:\/\/herweg.com.br\/en\/wp-json\/wp\/v2\/media?parent=982"}],"wp:term":[{"taxonomy":"product_brand","embeddable":true,"href":"https:\/\/herweg.com.br\/en\/wp-json\/wp\/v2\/product_brand?post=982"},{"taxonomy":"product_cat","embeddable":true,"href":"https:\/\/herweg.com.br\/en\/wp-json\/wp\/v2\/product_cat?post=982"},{"taxonomy":"product_tag","embeddable":true,"href":"https:\/\/herweg.com.br\/en\/wp-json\/wp\/v2\/product_tag?post=982"},{"taxonomy":"caracteristica_tecnica","embeddable":true,"href":"https:\/\/herweg.com.br\/en\/wp-json\/wp\/v2\/caracteristica_tecnica?post=982"}],"curies":[{"name":"wp","href":"https:\/\/api.w.org\/{rel}","templated":true}]}}